{"id":29059,"date":"2024-09-05T11:33:51","date_gmt":"2024-09-05T09:33:51","guid":{"rendered":"https:\/\/beedon.ch\/?page_id=29059"},"modified":"2024-09-05T11:36:21","modified_gmt":"2024-09-05T09:36:21","slug":"politique-de-confidentialite","status":"publish","type":"page","link":"https:\/\/beedon.ch\/de\/politique-de-confidentialite\/","title":{"rendered":"Datenschutzrichtlinie"},"content":{"rendered":"<p>[et_pb_section fb_built=\u00a0\u00bb1&Prime; theme_builder_area=\u00a0\u00bbpost_content\u00a0\u00bb _builder_version=\u00a0\u00bb4.27.0&Prime; _module_preset=\u00a0\u00bbdefault\u00a0\u00bb][et_pb_row _builder_version=\u00a0\u00bb4.27.0&Prime; _module_preset=\u00a0\u00bbdefault\u00a0\u00bb theme_builder_area=\u00a0\u00bbpost_content\u00a0\u00bb][et_pb_column _builder_version=\u00a0\u00bb4.27.0&Prime; _module_preset=\u00a0\u00bbdefault\u00a0\u00bb type=\u00a0\u00bb4_4&Prime; theme_builder_area=\u00a0\u00bbpost_content\u00a0\u00bb][et_pb_text _builder_version=\u00a0\u00bb4.27.0&Prime; _module_preset=\u00a0\u00bbdefault\u00a0\u00bb theme_builder_area=\u00a0\u00bbpost_content\u00a0\u00bb hover_enabled=\u00a0\u00bb0&Prime; sticky_enabled=\u00a0\u00bb0&Prime;]<\/p>\n<h1>Politique de Confidentialit\u00e9 de Beedon SA<\/h1>\n<p>Chez Beedon SA, nous accordons une grande importance \u00e0 la confidentialit\u00e9 et \u00e0 la protection des donn\u00e9es personnelles de nos clients, partenaires et visiteurs de notre site web. Cette politique de confidentialit\u00e9 d\u00e9crit comment nous collectons, utilisons, partageons et prot\u00e9geons vos informations personnelles conform\u00e9ment aux lois en vigueur.<\/p>\n<h4>1. Collecte des informations<\/h4>\n<p>Nous collectons diff\u00e9rentes cat\u00e9gories d&rsquo;informations personnelles afin de vous fournir des services de qualit\u00e9 et d&rsquo;am\u00e9liorer votre exp\u00e9rience sur notre site. Les types d&rsquo;informations que nous pouvons collecter incluent :<\/p>\n<ul>\n<li><strong>Informations que vous nous fournissez directement :<\/strong> nom, pr\u00e9nom, adresse e-mail, adresse de facturation, num\u00e9ro de t\u00e9l\u00e9phone, et toute autre information que vous choisissez de fournir lorsque vous remplissez un formulaire de contact, cr\u00e9ez un compte, ou passez une commande.<\/li>\n<li><strong>Informations collect\u00e9es automatiquement :<\/strong> lorsque vous visitez notre site, certaines informations sont automatiquement collect\u00e9es, telles que votre adresse IP, votre type de navigateur, les pages que vous consultez, le temps pass\u00e9 sur chaque page, et d&rsquo;autres statistiques.<\/li>\n<\/ul>\n<h4>2. Utilisation des informations<\/h4>\n<p>Les informations collect\u00e9es sont utilis\u00e9es pour :<\/p>\n<ul>\n<li>Traiter vos commandes et g\u00e9rer la relation client.<\/li>\n<li>Am\u00e9liorer notre site web, nos services et notre communication.<\/li>\n<li>Vous informer sur nos produits, offres sp\u00e9ciales et promotions (si vous y avez consenti).<\/li>\n<li>R\u00e9pondre \u00e0 vos demandes et questions.<\/li>\n<\/ul>\n<h4>3. Partage des informations<\/h4>\n<p>Nous ne vendons pas, ne louons pas et ne partageons pas vos informations personnelles avec des tiers, sauf dans les cas suivants :<\/p>\n<ul>\n<li><strong>Avec des prestataires de services tiers :<\/strong> qui nous aident \u00e0 exploiter notre site web, traiter les paiements, livrer les produits, ou fournir des services \u00e0 la client\u00e8le, sous r\u00e9serve qu&rsquo;ils acceptent de garder ces informations confidentielles.<\/li>\n<li><strong>Pour se conformer \u00e0 la loi :<\/strong> nous pouvons divulguer vos informations si nous y sommes contraints par la loi ou en r\u00e9ponse \u00e0 une demande l\u00e9gale des autorit\u00e9s.<\/li>\n<\/ul>\n<h4>4. Protection des informations<\/h4>\n<p>Nous mettons en place des mesures de s\u00e9curit\u00e9 techniques et organisationnelles appropri\u00e9es pour prot\u00e9ger vos informations personnelles contre tout acc\u00e8s non autoris\u00e9, utilisation abusive, divulgation, ou destruction.<\/p>\n<h4>5. Vos droits<\/h4>\n<p>Conform\u00e9ment \u00e0 la r\u00e9glementation en vigueur, vous disposez de droits sur vos donn\u00e9es personnelles, notamment :<\/p>\n<ul>\n<li>Le droit d&rsquo;acc\u00e8s et de rectification de vos informations.<\/li>\n<li>Le droit de demander l&rsquo;effacement de vos donn\u00e9es.<\/li>\n<li>Le droit de vous opposer ou de limiter le traitement de vos donn\u00e9es.<\/li>\n<li>Le droit \u00e0 la portabilit\u00e9 des donn\u00e9es.<\/li>\n<\/ul>\n<p>Pour exercer ces droits, vous pouvez nous contacter \u00e0 <a rel=\"noopener\">info@beedon.ch<\/a>.<\/p>\n<h4>6. Cookies<\/h4>\n<p>Notre site utilise des cookies pour am\u00e9liorer votre exp\u00e9rience utilisateur et analyser le trafic. Vous pouvez g\u00e9rer vos pr\u00e9f\u00e9rences de cookies \u00e0 tout moment \u00e0 partir des param\u00e8tres de votre navigateur.<\/p>\n<h4>7. Modifications de la politique de confidentialit\u00e9<\/h4>\n<p>Nous nous r\u00e9servons le droit de modifier cette politique de confidentialit\u00e9 \u00e0 tout moment. Les modifications seront publi\u00e9es sur cette page avec la date de la derni\u00e8re mise \u00e0 jour. Nous vous encourageons \u00e0 consulter r\u00e9guli\u00e8rement cette page pour rester inform\u00e9 de la mani\u00e8re dont nous prot\u00e9geons vos informations.<\/p>\n<h4>8. Nous contacter<\/h4>\n<p>Pour toute question ou pr\u00e9occupation concernant cette politique de confidentialit\u00e9, veuillez nous contacter \u00e0 <a rel=\"noopener\">info@beedon.ch<\/a>.<\/p>\n<p><strong>Date de derni\u00e8re mise \u00e0 jour :<\/strong> 5 septembre 2024<\/p>\n<p>[\/et_pb_text][\/et_pb_column][\/et_pb_row][\/et_pb_section]<\/p>\n","protected":false},"excerpt":{"rendered":"<p>Politique de Confidentialit\u00e9 de Beedon SA Chez Beedon SA, nous accordons une grande importance \u00e0 la confidentialit\u00e9 et \u00e0 la protection des donn\u00e9es personnelles de nos clients, partenaires et visiteurs de notre site web. Cette politique de confidentialit\u00e9 d\u00e9crit comment nous collectons, utilisons, partageons et prot\u00e9geons vos informations personnelles conform\u00e9ment aux lois en vigueur. 1. [&hellip;]<\/p>\n","protected":false},"author":1,"featured_media":0,"parent":0,"menu_order":0,"comment_status":"closed","ping_status":"closed","template":"","meta":{"_et_pb_use_builder":"on","_et_pb_old_content":"","_et_gb_content_width":"","footnotes":""},"class_list":["post-29059","page","type-page","status-publish","hentry"],"yoast_head":"<!-- This site is optimized with the Yoast SEO plugin v27.3 - https:\/\/yoast.com\/product\/yoast-seo-wordpress\/ -->\n<title>Politique de Confidentialit\u00e9 - Beedon<\/title>\n<meta name=\"robots\" content=\"index, follow, max-snippet:-1, max-image-preview:large, max-video-preview:-1\" \/>\n<link rel=\"canonical\" href=\"https:\/\/beedon.ch\/de\/politique-de-confidentialite\/\" \/>\n<meta property=\"og:locale\" content=\"de_DE\" \/>\n<meta property=\"og:type\" content=\"article\" \/>\n<meta property=\"og:title\" content=\"Politique de Confidentialit\u00e9 - Beedon\" \/>\n<meta property=\"og:description\" content=\"Politique de Confidentialit\u00e9 de Beedon SA Chez Beedon SA, nous accordons une grande importance \u00e0 la confidentialit\u00e9 et \u00e0 la protection des donn\u00e9es personnelles de nos clients, partenaires et visiteurs de notre site web. Cette politique de confidentialit\u00e9 d\u00e9crit comment nous collectons, utilisons, partageons et prot\u00e9geons vos informations personnelles conform\u00e9ment aux lois en vigueur. 1. [&hellip;]\" \/>\n<meta property=\"og:url\" content=\"https:\/\/beedon.ch\/de\/politique-de-confidentialite\/\" \/>\n<meta property=\"og:site_name\" content=\"Beedon\" \/>\n<meta property=\"article:modified_time\" content=\"2024-09-05T09:36:21+00:00\" \/>\n<meta property=\"og:image\" content=\"https:\/\/i0.wp.com\/beedon.ch\/wp-content\/uploads\/2024\/09\/BEEDON-SITE.jpg?fit=1200%2C627&ssl=1\" \/>\n\t<meta property=\"og:image:width\" content=\"1200\" \/>\n\t<meta property=\"og:image:height\" content=\"627\" \/>\n\t<meta property=\"og:image:type\" content=\"image\/jpeg\" \/>\n<meta name=\"twitter:card\" content=\"summary_large_image\" \/>\n<meta name=\"twitter:label1\" content=\"Gesch\u00e4tzte Lesezeit\" \/>\n\t<meta name=\"twitter:data1\" content=\"3\u00a0Minuten\" \/>\n<script type=\"application\/ld+json\" class=\"yoast-schema-graph\">{\"@context\":\"https:\\\/\\\/schema.org\",\"@graph\":[{\"@type\":\"WebPage\",\"@id\":\"https:\\\/\\\/beedon.ch\\\/politique-de-confidentialite\\\/\",\"url\":\"https:\\\/\\\/beedon.ch\\\/politique-de-confidentialite\\\/\",\"name\":\"Politique de Confidentialit\u00e9 - Beedon\",\"isPartOf\":{\"@id\":\"https:\\\/\\\/beedon.ch\\\/#website\"},\"datePublished\":\"2024-09-05T09:33:51+00:00\",\"dateModified\":\"2024-09-05T09:36:21+00:00\",\"breadcrumb\":{\"@id\":\"https:\\\/\\\/beedon.ch\\\/politique-de-confidentialite\\\/#breadcrumb\"},\"inLanguage\":\"de\",\"potentialAction\":[{\"@type\":\"ReadAction\",\"target\":[\"https:\\\/\\\/beedon.ch\\\/politique-de-confidentialite\\\/\"]}]},{\"@type\":\"BreadcrumbList\",\"@id\":\"https:\\\/\\\/beedon.ch\\\/politique-de-confidentialite\\\/#breadcrumb\",\"itemListElement\":[{\"@type\":\"ListItem\",\"position\":1,\"name\":\"Accueil\",\"item\":\"https:\\\/\\\/beedon.ch\\\/fr_fr\\\/\"},{\"@type\":\"ListItem\",\"position\":2,\"name\":\"Politique de Confidentialit\u00e9\"}]},{\"@type\":\"WebSite\",\"@id\":\"https:\\\/\\\/beedon.ch\\\/#website\",\"url\":\"https:\\\/\\\/beedon.ch\\\/\",\"name\":\"BEEDON\",\"description\":\"\",\"publisher\":{\"@id\":\"https:\\\/\\\/beedon.ch\\\/#organization\"},\"potentialAction\":[{\"@type\":\"SearchAction\",\"target\":{\"@type\":\"EntryPoint\",\"urlTemplate\":\"https:\\\/\\\/beedon.ch\\\/?s={search_term_string}\"},\"query-input\":{\"@type\":\"PropertyValueSpecification\",\"valueRequired\":true,\"valueName\":\"search_term_string\"}}],\"inLanguage\":\"de\"},{\"@type\":\"Organization\",\"@id\":\"https:\\\/\\\/beedon.ch\\\/#organization\",\"name\":\"BEEDON\",\"url\":\"https:\\\/\\\/beedon.ch\\\/\",\"logo\":{\"@type\":\"ImageObject\",\"inLanguage\":\"de\",\"@id\":\"https:\\\/\\\/beedon.ch\\\/#\\\/schema\\\/logo\\\/image\\\/\",\"url\":\"https:\\\/\\\/i0.wp.com\\\/beedon.ch\\\/wp-content\\\/uploads\\\/2024\\\/08\\\/LogoBeedonSansFond.png?fit=1418%2C399&ssl=1\",\"contentUrl\":\"https:\\\/\\\/i0.wp.com\\\/beedon.ch\\\/wp-content\\\/uploads\\\/2024\\\/08\\\/LogoBeedonSansFond.png?fit=1418%2C399&ssl=1\",\"width\":1418,\"height\":399,\"caption\":\"BEEDON\"},\"image\":{\"@id\":\"https:\\\/\\\/beedon.ch\\\/#\\\/schema\\\/logo\\\/image\\\/\"}}]}<\/script>\n<!-- \/ Yoast SEO plugin. -->","yoast_head_json":{"title":"Politique de Confidentialit\u00e9 - Beedon","robots":{"index":"index","follow":"follow","max-snippet":"max-snippet:-1","max-image-preview":"max-image-preview:large","max-video-preview":"max-video-preview:-1"},"canonical":"https:\/\/beedon.ch\/de\/politique-de-confidentialite\/","og_locale":"de_DE","og_type":"article","og_title":"Politique de Confidentialit\u00e9 - Beedon","og_description":"Politique de Confidentialit\u00e9 de Beedon SA Chez Beedon SA, nous accordons une grande importance \u00e0 la confidentialit\u00e9 et \u00e0 la protection des donn\u00e9es personnelles de nos clients, partenaires et visiteurs de notre site web. Cette politique de confidentialit\u00e9 d\u00e9crit comment nous collectons, utilisons, partageons et prot\u00e9geons vos informations personnelles conform\u00e9ment aux lois en vigueur. 1. [&hellip;]","og_url":"https:\/\/beedon.ch\/de\/politique-de-confidentialite\/","og_site_name":"Beedon","article_modified_time":"2024-09-05T09:36:21+00:00","og_image":[{"width":1200,"height":627,"url":"https:\/\/i0.wp.com\/beedon.ch\/wp-content\/uploads\/2024\/09\/BEEDON-SITE.jpg?fit=1200%2C627&ssl=1","type":"image\/jpeg"}],"twitter_card":"summary_large_image","twitter_misc":{"Gesch\u00e4tzte Lesezeit":"3\u00a0Minuten"},"schema":{"@context":"https:\/\/schema.org","@graph":[{"@type":"WebPage","@id":"https:\/\/beedon.ch\/politique-de-confidentialite\/","url":"https:\/\/beedon.ch\/politique-de-confidentialite\/","name":"Politique de Confidentialit\u00e9 - Beedon","isPartOf":{"@id":"https:\/\/beedon.ch\/#website"},"datePublished":"2024-09-05T09:33:51+00:00","dateModified":"2024-09-05T09:36:21+00:00","breadcrumb":{"@id":"https:\/\/beedon.ch\/politique-de-confidentialite\/#breadcrumb"},"inLanguage":"de","potentialAction":[{"@type":"ReadAction","target":["https:\/\/beedon.ch\/politique-de-confidentialite\/"]}]},{"@type":"BreadcrumbList","@id":"https:\/\/beedon.ch\/politique-de-confidentialite\/#breadcrumb","itemListElement":[{"@type":"ListItem","position":1,"name":"Accueil","item":"https:\/\/beedon.ch\/fr_fr\/"},{"@type":"ListItem","position":2,"name":"Politique de Confidentialit\u00e9"}]},{"@type":"WebSite","@id":"https:\/\/beedon.ch\/#website","url":"https:\/\/beedon.ch\/","name":"BEEDON","description":"","publisher":{"@id":"https:\/\/beedon.ch\/#organization"},"potentialAction":[{"@type":"SearchAction","target":{"@type":"EntryPoint","urlTemplate":"https:\/\/beedon.ch\/?s={search_term_string}"},"query-input":{"@type":"PropertyValueSpecification","valueRequired":true,"valueName":"search_term_string"}}],"inLanguage":"de"},{"@type":"Organization","@id":"https:\/\/beedon.ch\/#organization","name":"BEEDON","url":"https:\/\/beedon.ch\/","logo":{"@type":"ImageObject","inLanguage":"de","@id":"https:\/\/beedon.ch\/#\/schema\/logo\/image\/","url":"https:\/\/i0.wp.com\/beedon.ch\/wp-content\/uploads\/2024\/08\/LogoBeedonSansFond.png?fit=1418%2C399&ssl=1","contentUrl":"https:\/\/i0.wp.com\/beedon.ch\/wp-content\/uploads\/2024\/08\/LogoBeedonSansFond.png?fit=1418%2C399&ssl=1","width":1418,"height":399,"caption":"BEEDON"},"image":{"@id":"https:\/\/beedon.ch\/#\/schema\/logo\/image\/"}}]}},"jetpack_sharing_enabled":true,"_links":{"self":[{"href":"https:\/\/beedon.ch\/de\/wp-json\/wp\/v2\/pages\/29059","targetHints":{"allow":["GET"]}}],"collection":[{"href":"https:\/\/beedon.ch\/de\/wp-json\/wp\/v2\/pages"}],"about":[{"href":"https:\/\/beedon.ch\/de\/wp-json\/wp\/v2\/types\/page"}],"author":[{"embeddable":true,"href":"https:\/\/beedon.ch\/de\/wp-json\/wp\/v2\/users\/1"}],"replies":[{"embeddable":true,"href":"https:\/\/beedon.ch\/de\/wp-json\/wp\/v2\/comments?post=29059"}],"version-history":[{"count":3,"href":"https:\/\/beedon.ch\/de\/wp-json\/wp\/v2\/pages\/29059\/revisions"}],"predecessor-version":[{"id":29062,"href":"https:\/\/beedon.ch\/de\/wp-json\/wp\/v2\/pages\/29059\/revisions\/29062"}],"wp:attachment":[{"href":"https:\/\/beedon.ch\/de\/wp-json\/wp\/v2\/media?parent=29059"}],"curies":[{"name":"wp","href":"https:\/\/api.w.org\/{rel}","templated":true}]}}