{"id":28919,"date":"2024-09-05T10:58:05","date_gmt":"2024-09-05T08:58:05","guid":{"rendered":"https:\/\/beedon.ch\/?page_id=28919"},"modified":"2024-09-05T11:47:13","modified_gmt":"2024-09-05T09:47:13","slug":"remboursements_retours","status":"publish","type":"page","link":"https:\/\/beedon.ch\/en\/remboursements_retours\/","title":{"rendered":"Refunds and returns policy"},"content":{"rendered":"<p>[et_pb_section fb_built=\u00a0\u00bb1&Prime; theme_builder_area=\u00a0\u00bbpost_content\u00a0\u00bb _builder_version=\u00a0\u00bb4.27.0&Prime; _module_preset=\u00a0\u00bbdefault\u00a0\u00bb][et_pb_row _builder_version=\u00a0\u00bb4.27.0&Prime; _module_preset=\u00a0\u00bbdefault\u00a0\u00bb theme_builder_area=\u00a0\u00bbpost_content\u00a0\u00bb][et_pb_column _builder_version=\u00a0\u00bb4.27.0&Prime; _module_preset=\u00a0\u00bbdefault\u00a0\u00bb type=\u00a0\u00bb4_4&Prime; theme_builder_area=\u00a0\u00bbpost_content\u00a0\u00bb][et_pb_text _builder_version=\u00a0\u00bb4.27.0&Prime; _module_preset=\u00a0\u00bbdefault\u00a0\u00bb theme_builder_area=\u00a0\u00bbpost_content\u00a0\u00bb hover_enabled=\u00a0\u00bb0&Prime; sticky_enabled=\u00a0\u00bb0&Prime;]<\/p>\n<h3 class=\"wp-block-heading\">Politique en mati\u00e8re de remboursements et de retours<\/h3>\n<p>Chez Beedon SA, nous nous engageons \u00e0 fournir des produits de qualit\u00e9 qui r\u00e9pondent aux attentes des professionnels du secteur de la peinture. En raison de la nature de nos produits et de notre engagement envers la qualit\u00e9, nous n\u2019acceptons pas les retours ou les \u00e9changes une fois la vente finalis\u00e9e.<\/p>\n<h4 class=\"wp-block-heading\">Aucun retour possible<\/h4>\n<p>Tous les achats effectu\u00e9s aupr\u00e8s de Beedon SA sont consid\u00e9r\u00e9s comme d\u00e9finitifs. Nous ne proposons pas de remboursements, d\u2019\u00e9changes ou de retours pour quelque raison que ce soit, \u00e0 l\u2019exception des cas pr\u00e9vus par la loi.<\/p>\n<h4 class=\"wp-block-heading\">Exceptions pour produits d\u00e9fectueux<\/h4>\n<p>Si un produit est d\u00e9fectueux ou endommag\u00e9 lors de la livraison, nous vous invitons \u00e0 nous contacter imm\u00e9diatement \u00e0 l\u2019adresse e-mail suivante :<span>\u00a0<\/span><a>info@beedon.ch<\/a>. Dans ce cas, nous \u00e9valuerons la situation et prendrons les mesures appropri\u00e9es.<\/p>\n<p>Pour toute question ou besoin d\u2019assistance, n\u2019h\u00e9sitez pas \u00e0 nous contacter \u00e0<span>\u00a0<\/span><a>info@beedon.ch<\/a>. Nous sommes l\u00e0 pour vous aider et nous assurer que vous \u00eates satisfait de nos produits et services.<\/p>\n<p>[\/et_pb_text][\/et_pb_column][\/et_pb_row][\/et_pb_section]<\/p>\n","protected":false},"excerpt":{"rendered":"<p>Politique en mati\u00e8re de remboursements et de retours Chez Beedon SA, nous nous engageons \u00e0 fournir des produits de qualit\u00e9 qui r\u00e9pondent aux attentes des professionnels du secteur de la peinture. En raison de la nature de nos produits et de notre engagement envers la qualit\u00e9, nous n\u2019acceptons pas les retours ou les \u00e9changes une [&hellip;]<\/p>\n","protected":false},"author":1,"featured_media":0,"parent":0,"menu_order":0,"comment_status":"closed","ping_status":"closed","template":"","meta":{"_et_pb_use_builder":"on","_et_pb_old_content":"<!-- wp:heading {\"level\":3} -->\n<h3 class=\"wp-block-heading\">Politique en mati\u00e8re de remboursements et de retours<\/h3>\n<!-- \/wp:heading -->\n\n<!-- wp:paragraph -->\n<p>Chez Beedon SA, nous nous engageons \u00e0 fournir des produits de qualit\u00e9 qui r\u00e9pondent aux attentes des professionnels du secteur de la peinture. En raison de la nature de nos produits et de notre engagement envers la qualit\u00e9, nous n'acceptons pas les retours ou les \u00e9changes une fois la vente finalis\u00e9e.<\/p>\n<!-- \/wp:paragraph -->\n\n<!-- wp:heading {\"level\":4} -->\n<h4 class=\"wp-block-heading\">Aucun retour possible<\/h4>\n<!-- \/wp:heading -->\n\n<!-- wp:paragraph -->\n<p>Tous les achats effectu\u00e9s aupr\u00e8s de Beedon SA sont consid\u00e9r\u00e9s comme d\u00e9finitifs. Nous ne proposons pas de remboursements, d'\u00e9changes ou de retours pour quelque raison que ce soit, \u00e0 l'exception des cas pr\u00e9vus par la loi.<\/p>\n<!-- \/wp:paragraph -->\n\n<!-- wp:heading {\"level\":4} -->\n<h4 class=\"wp-block-heading\">Exceptions pour produits d\u00e9fectueux<\/h4>\n<!-- \/wp:heading -->\n\n<!-- wp:paragraph -->\n<p>Si un produit est d\u00e9fectueux ou endommag\u00e9 lors de la livraison, nous vous invitons \u00e0 nous contacter imm\u00e9diatement \u00e0 l'adresse e-mail suivante : <a>info@beedon.ch<\/a>. Dans ce cas, nous \u00e9valuerons la situation et prendrons les mesures appropri\u00e9es.<\/p>\n<!-- \/wp:paragraph -->\n\n<!-- wp:paragraph -->\n<p>Pour toute question ou besoin d'assistance, n'h\u00e9sitez pas \u00e0 nous contacter \u00e0 <a>info@beedon.ch<\/a>. Nous sommes l\u00e0 pour vous aider et nous assurer que vous \u00eates satisfait de nos produits et services.<\/p>\n<!-- \/wp:paragraph -->\n\n<!-- wp:paragraph -->\n<p><\/p>\n<!-- \/wp:paragraph -->","_et_gb_content_width":"1080","footnotes":""},"class_list":["post-28919","page","type-page","status-publish","hentry"],"yoast_head":"<!-- This site is optimized with the Yoast SEO plugin v27.3 - https:\/\/yoast.com\/product\/yoast-seo-wordpress\/ -->\n<title>Politique de remboursements et de retours - Beedon<\/title>\n<meta name=\"robots\" content=\"index, follow, max-snippet:-1, max-image-preview:large, max-video-preview:-1\" \/>\n<link rel=\"canonical\" href=\"https:\/\/beedon.ch\/en\/remboursements_retours\/\" \/>\n<meta property=\"og:locale\" content=\"en_GB\" \/>\n<meta property=\"og:type\" content=\"article\" \/>\n<meta property=\"og:title\" content=\"Politique de remboursements et de retours - Beedon\" \/>\n<meta property=\"og:description\" content=\"Politique en mati\u00e8re de remboursements et de retours Chez Beedon SA, nous nous engageons \u00e0 fournir des produits de qualit\u00e9 qui r\u00e9pondent aux attentes des professionnels du secteur de la peinture. En raison de la nature de nos produits et de notre engagement envers la qualit\u00e9, nous n\u2019acceptons pas les retours ou les \u00e9changes une [&hellip;]\" \/>\n<meta property=\"og:url\" content=\"https:\/\/beedon.ch\/en\/remboursements_retours\/\" \/>\n<meta property=\"og:site_name\" content=\"Beedon\" \/>\n<meta property=\"article:modified_time\" content=\"2024-09-05T09:47:13+00:00\" \/>\n<meta property=\"og:image\" content=\"https:\/\/i0.wp.com\/beedon.ch\/wp-content\/uploads\/2024\/09\/BEEDON-SITE.jpg?fit=1200%2C627&ssl=1\" \/>\n\t<meta property=\"og:image:width\" content=\"1200\" \/>\n\t<meta property=\"og:image:height\" content=\"627\" \/>\n\t<meta property=\"og:image:type\" content=\"image\/jpeg\" \/>\n<meta name=\"twitter:card\" content=\"summary_large_image\" \/>\n<meta name=\"twitter:label1\" content=\"Estimated reading time\" \/>\n\t<meta name=\"twitter:data1\" content=\"1 minute\" \/>\n<script type=\"application\/ld+json\" class=\"yoast-schema-graph\">{\"@context\":\"https:\\\/\\\/schema.org\",\"@graph\":[{\"@type\":\"WebPage\",\"@id\":\"https:\\\/\\\/beedon.ch\\\/remboursements_retours\\\/\",\"url\":\"https:\\\/\\\/beedon.ch\\\/remboursements_retours\\\/\",\"name\":\"Politique de remboursements et de retours - Beedon\",\"isPartOf\":{\"@id\":\"https:\\\/\\\/beedon.ch\\\/#website\"},\"datePublished\":\"2024-09-05T08:58:05+00:00\",\"dateModified\":\"2024-09-05T09:47:13+00:00\",\"breadcrumb\":{\"@id\":\"https:\\\/\\\/beedon.ch\\\/remboursements_retours\\\/#breadcrumb\"},\"inLanguage\":\"en-GB\",\"potentialAction\":[{\"@type\":\"ReadAction\",\"target\":[\"https:\\\/\\\/beedon.ch\\\/remboursements_retours\\\/\"]}]},{\"@type\":\"BreadcrumbList\",\"@id\":\"https:\\\/\\\/beedon.ch\\\/remboursements_retours\\\/#breadcrumb\",\"itemListElement\":[{\"@type\":\"ListItem\",\"position\":1,\"name\":\"Accueil\",\"item\":\"https:\\\/\\\/beedon.ch\\\/fr_fr\\\/\"},{\"@type\":\"ListItem\",\"position\":2,\"name\":\"Politique de remboursements et de retours\"}]},{\"@type\":\"WebSite\",\"@id\":\"https:\\\/\\\/beedon.ch\\\/#website\",\"url\":\"https:\\\/\\\/beedon.ch\\\/\",\"name\":\"BEEDON\",\"description\":\"\",\"publisher\":{\"@id\":\"https:\\\/\\\/beedon.ch\\\/#organization\"},\"potentialAction\":[{\"@type\":\"SearchAction\",\"target\":{\"@type\":\"EntryPoint\",\"urlTemplate\":\"https:\\\/\\\/beedon.ch\\\/?s={search_term_string}\"},\"query-input\":{\"@type\":\"PropertyValueSpecification\",\"valueRequired\":true,\"valueName\":\"search_term_string\"}}],\"inLanguage\":\"en-GB\"},{\"@type\":\"Organization\",\"@id\":\"https:\\\/\\\/beedon.ch\\\/#organization\",\"name\":\"BEEDON\",\"url\":\"https:\\\/\\\/beedon.ch\\\/\",\"logo\":{\"@type\":\"ImageObject\",\"inLanguage\":\"en-GB\",\"@id\":\"https:\\\/\\\/beedon.ch\\\/#\\\/schema\\\/logo\\\/image\\\/\",\"url\":\"https:\\\/\\\/i0.wp.com\\\/beedon.ch\\\/wp-content\\\/uploads\\\/2024\\\/08\\\/LogoBeedonSansFond.png?fit=1418%2C399&ssl=1\",\"contentUrl\":\"https:\\\/\\\/i0.wp.com\\\/beedon.ch\\\/wp-content\\\/uploads\\\/2024\\\/08\\\/LogoBeedonSansFond.png?fit=1418%2C399&ssl=1\",\"width\":1418,\"height\":399,\"caption\":\"BEEDON\"},\"image\":{\"@id\":\"https:\\\/\\\/beedon.ch\\\/#\\\/schema\\\/logo\\\/image\\\/\"}}]}<\/script>\n<!-- \/ Yoast SEO plugin. -->","yoast_head_json":{"title":"Politique de remboursements et de retours - Beedon","robots":{"index":"index","follow":"follow","max-snippet":"max-snippet:-1","max-image-preview":"max-image-preview:large","max-video-preview":"max-video-preview:-1"},"canonical":"https:\/\/beedon.ch\/en\/remboursements_retours\/","og_locale":"en_GB","og_type":"article","og_title":"Politique de remboursements et de retours - Beedon","og_description":"Politique en mati\u00e8re de remboursements et de retours Chez Beedon SA, nous nous engageons \u00e0 fournir des produits de qualit\u00e9 qui r\u00e9pondent aux attentes des professionnels du secteur de la peinture. En raison de la nature de nos produits et de notre engagement envers la qualit\u00e9, nous n\u2019acceptons pas les retours ou les \u00e9changes une [&hellip;]","og_url":"https:\/\/beedon.ch\/en\/remboursements_retours\/","og_site_name":"Beedon","article_modified_time":"2024-09-05T09:47:13+00:00","og_image":[{"width":1200,"height":627,"url":"https:\/\/i0.wp.com\/beedon.ch\/wp-content\/uploads\/2024\/09\/BEEDON-SITE.jpg?fit=1200%2C627&ssl=1","type":"image\/jpeg"}],"twitter_card":"summary_large_image","twitter_misc":{"Estimated reading time":"1 minute"},"schema":{"@context":"https:\/\/schema.org","@graph":[{"@type":"WebPage","@id":"https:\/\/beedon.ch\/remboursements_retours\/","url":"https:\/\/beedon.ch\/remboursements_retours\/","name":"Politique de remboursements et de retours - Beedon","isPartOf":{"@id":"https:\/\/beedon.ch\/#website"},"datePublished":"2024-09-05T08:58:05+00:00","dateModified":"2024-09-05T09:47:13+00:00","breadcrumb":{"@id":"https:\/\/beedon.ch\/remboursements_retours\/#breadcrumb"},"inLanguage":"en-GB","potentialAction":[{"@type":"ReadAction","target":["https:\/\/beedon.ch\/remboursements_retours\/"]}]},{"@type":"BreadcrumbList","@id":"https:\/\/beedon.ch\/remboursements_retours\/#breadcrumb","itemListElement":[{"@type":"ListItem","position":1,"name":"Accueil","item":"https:\/\/beedon.ch\/fr_fr\/"},{"@type":"ListItem","position":2,"name":"Politique de remboursements et de retours"}]},{"@type":"WebSite","@id":"https:\/\/beedon.ch\/#website","url":"https:\/\/beedon.ch\/","name":"BEEDON","description":"","publisher":{"@id":"https:\/\/beedon.ch\/#organization"},"potentialAction":[{"@type":"SearchAction","target":{"@type":"EntryPoint","urlTemplate":"https:\/\/beedon.ch\/?s={search_term_string}"},"query-input":{"@type":"PropertyValueSpecification","valueRequired":true,"valueName":"search_term_string"}}],"inLanguage":"en-GB"},{"@type":"Organization","@id":"https:\/\/beedon.ch\/#organization","name":"BEEDON","url":"https:\/\/beedon.ch\/","logo":{"@type":"ImageObject","inLanguage":"en-GB","@id":"https:\/\/beedon.ch\/#\/schema\/logo\/image\/","url":"https:\/\/i0.wp.com\/beedon.ch\/wp-content\/uploads\/2024\/08\/LogoBeedonSansFond.png?fit=1418%2C399&ssl=1","contentUrl":"https:\/\/i0.wp.com\/beedon.ch\/wp-content\/uploads\/2024\/08\/LogoBeedonSansFond.png?fit=1418%2C399&ssl=1","width":1418,"height":399,"caption":"BEEDON"},"image":{"@id":"https:\/\/beedon.ch\/#\/schema\/logo\/image\/"}}]}},"jetpack_sharing_enabled":true,"_links":{"self":[{"href":"https:\/\/beedon.ch\/en\/wp-json\/wp\/v2\/pages\/28919","targetHints":{"allow":["GET"]}}],"collection":[{"href":"https:\/\/beedon.ch\/en\/wp-json\/wp\/v2\/pages"}],"about":[{"href":"https:\/\/beedon.ch\/en\/wp-json\/wp\/v2\/types\/page"}],"author":[{"embeddable":true,"href":"https:\/\/beedon.ch\/en\/wp-json\/wp\/v2\/users\/1"}],"replies":[{"embeddable":true,"href":"https:\/\/beedon.ch\/en\/wp-json\/wp\/v2\/comments?post=28919"}],"version-history":[{"count":7,"href":"https:\/\/beedon.ch\/en\/wp-json\/wp\/v2\/pages\/28919\/revisions"}],"predecessor-version":[{"id":29067,"href":"https:\/\/beedon.ch\/en\/wp-json\/wp\/v2\/pages\/28919\/revisions\/29067"}],"wp:attachment":[{"href":"https:\/\/beedon.ch\/en\/wp-json\/wp\/v2\/media?parent=28919"}],"curies":[{"name":"wp","href":"https:\/\/api.w.org\/{rel}","templated":true}]}}