{"id":28975,"date":"2024-09-04T08:46:00","date_gmt":"2024-09-04T06:46:00","guid":{"rendered":"https:\/\/beedon.ch\/?post_type=product&#038;p=28975"},"modified":"2024-12-02T15:29:54","modified_gmt":"2024-12-02T14:29:54","slug":"eco-roll-beedon","status":"publish","type":"product","link":"https:\/\/beedon.ch\/fr_fr\/product\/eco-roll-beedon\/","title":{"rendered":"ECO-ROLL BEEDON"},"content":{"rendered":"<p>[et_pb_section fb_built=\u00a0\u00bb1&Prime; _builder_version=\u00a0\u00bb4.16&Prime; custom_padding=\u00a0\u00bb0px||||false|false\u00a0\u00bb global_colors_info=\u00a0\u00bb{}\u00a0\u00bb][et_pb_row column_structure=\u00a0\u00bb1_2,1_2&Prime; _builder_version=\u00a0\u00bb4.16&Prime; background_size=\u00a0\u00bbinitial\u00a0\u00bb background_position=\u00a0\u00bbtop_left\u00a0\u00bb background_repeat=\u00a0\u00bbrepeat\u00a0\u00bb width=\u00a0\u00bb100%\u00a0\u00bb custom_padding=\u00a0\u00bb0px||||false|false\u00a0\u00bb global_colors_info=\u00a0\u00bb{}\u00a0\u00bb][et_pb_column type=\u00a0\u00bb1_2&Prime; _builder_version=\u00a0\u00bb4.16&Prime; custom_padding=\u00a0\u00bb|||\u00a0\u00bb global_colors_info=\u00a0\u00bb{}\u00a0\u00bb custom_padding__hover=\u00a0\u00bb|||\u00a0\u00bb][et_pb_wc_images _builder_version=\u00a0\u00bb4.16&Prime; global_colors_info=\u00a0\u00bb{}\u00a0\u00bb][\/et_pb_wc_images][\/et_pb_column][et_pb_column type=\u00a0\u00bb1_2&Prime; _builder_version=\u00a0\u00bb4.16&Prime; custom_padding=\u00a0\u00bb|||\u00a0\u00bb global_colors_info=\u00a0\u00bb{}\u00a0\u00bb custom_padding__hover=\u00a0\u00bb|||\u00a0\u00bb][et_pb_wc_title _builder_version=\u00a0\u00bb4.16&Prime; global_colors_info=\u00a0\u00bb{}\u00a0\u00bb][\/et_pb_wc_title][et_pb_wc_rating _builder_version=\u00a0\u00bb4.16&Prime; global_colors_info=\u00a0\u00bb{}\u00a0\u00bb][\/et_pb_wc_rating][et_pb_wc_price _builder_version=\u00a0\u00bb4.16&Prime; global_colors_info=\u00a0\u00bb{}\u00a0\u00bb][\/et_pb_wc_price][et_pb_wc_description _builder_version=\u00a0\u00bb4.27.0&Prime; global_colors_info=\u00a0\u00bb{}\u00a0\u00bb][\/et_pb_wc_description][et_pb_wc_add_to_cart _builder_version=\u00a0\u00bb4.27.0&Prime; global_colors_info=\u00a0\u00bb{}\u00a0\u00bb][\/et_pb_wc_add_to_cart][\/et_pb_column][\/et_pb_row][et_pb_row _builder_version=\u00a0\u00bb4.16&Prime; background_size=\u00a0\u00bbinitial\u00a0\u00bb background_position=\u00a0\u00bbtop_left\u00a0\u00bb background_repeat=\u00a0\u00bbrepeat\u00a0\u00bb width=\u00a0\u00bb100%\u00a0\u00bb global_colors_info=\u00a0\u00bb{}\u00a0\u00bb][et_pb_column type=\u00a0\u00bb4_4&Prime; _builder_version=\u00a0\u00bb4.16&Prime; custom_padding=\u00a0\u00bb|||\u00a0\u00bb global_colors_info=\u00a0\u00bb{}\u00a0\u00bb custom_padding__hover=\u00a0\u00bb|||\u00a0\u00bb][et_pb_wc_tabs _builder_version=\u00a0\u00bb4.16&Prime; global_colors_info=\u00a0\u00bb{}\u00a0\u00bb]\t\t\t\t\t[\/et_pb_wc_tabs][et_pb_wc_upsells _builder_version=\u00a0\u00bb4.16&Prime; global_colors_info=\u00a0\u00bb{}\u00a0\u00bb][\/et_pb_wc_upsells][et_pb_wc_related_products _builder_version=\u00a0\u00bb4.16&Prime; global_colors_info=\u00a0\u00bb{}\u00a0\u00bb][\/et_pb_wc_related_products][\/et_pb_column][\/et_pb_row][\/et_pb_section]<\/p>\n","protected":false},"excerpt":{"rendered":"<p><strong>Notre seau \u00e0 rouleaux de peinture recycl\u00e9 garde vos rouleaux de peinture frais et r\u00e9duit les d\u00e9chets. Moins de co\u00fbts, plus d&rsquo;efficacit\u00e9 !<\/strong><\/p>\n<ul>\n<li><span class=\"metafield-multi_line_text_field\"><span class=\"\">Durable<\/span><\/span><\/li>\n<li><span class=\"metafield-multi_line_text_field\">Empilable et pr\u00eat \u00e0 l&#8217;emploi<\/span><\/li>\n<li><span class=\"metafield-multi_line_text_field\">Qualit\u00e9 industrielle et tr\u00e8s robuste<\/span><\/li>\n<li><span class=\"metafield-multi_line_text_field\">Pas de film plastique pour le stockage<\/span><\/li>\n<\/ul>\n","protected":false},"featured_media":29158,"comment_status":"open","ping_status":"closed","template":"","meta":{"_et_pb_use_builder":"on","_et_pb_old_content":"Es-tu un peintre qui appr\u00e9cie l'efficacit\u00e9 ? Le seau \u00e0 rouleaux de peinture permet de ranger proprement et facilement tes rouleaux de peinture pendant une pause. Pas de salet\u00e9, pas de rouleaux qui collent \u2013 ton outil reste \u00e0 port\u00e9e de main. Robuste et de haute qualit\u00e9, parfait pour les professionnels et les bricoleurs. Convaincs-toi par toi-m\u00eame et commande maintenant !","_et_gb_content_width":""},"product_brand":[],"product_cat":[27],"product_tag":[],"class_list":{"0":"post-28975","1":"product","2":"type-product","3":"status-publish","4":"has-post-thumbnail","6":"product_cat-beedon-product","8":"first","9":"instock","10":"taxable","11":"shipping-taxable","12":"purchasable","13":"product-type-simple"},"yoast_head":"<!-- This site is optimized with the Yoast SEO plugin v27.3 - https:\/\/yoast.com\/product\/yoast-seo-wordpress\/ -->\n<title>ECO-ROLL BEEDON - Beedon<\/title>\n<meta name=\"robots\" content=\"index, follow, max-snippet:-1, max-image-preview:large, max-video-preview:-1\" \/>\n<link rel=\"canonical\" href=\"https:\/\/beedon.ch\/fr_fr\/product\/eco-roll-beedon\/\" \/>\n<meta property=\"og:locale\" content=\"fr_FR\" \/>\n<meta property=\"og:type\" content=\"article\" \/>\n<meta property=\"og:title\" content=\"ECO-ROLL BEEDON - Beedon\" \/>\n<meta property=\"og:description\" content=\"Notre seau \u00e0 rouleaux de peinture recycl\u00e9 garde vos rouleaux de peinture frais et r\u00e9duit les d\u00e9chets. Moins de co\u00fbts, plus d&#039;efficacit\u00e9 !   Durable  Empilable et pr\u00eat \u00e0 l&#039;emploi  Qualit\u00e9 industrielle et tr\u00e8s robuste  Pas de film plastique pour le stockage\" \/>\n<meta property=\"og:url\" content=\"https:\/\/beedon.ch\/fr_fr\/product\/eco-roll-beedon\/\" \/>\n<meta property=\"og:site_name\" content=\"Beedon\" \/>\n<meta property=\"article:modified_time\" content=\"2024-12-02T14:29:54+00:00\" \/>\n<meta property=\"og:image\" content=\"https:\/\/beedon.ch\/wp-content\/uploads\/2024\/09\/FarbrolleneimerGray-quality.png\" \/>\n\t<meta property=\"og:image:width\" content=\"1100\" \/>\n\t<meta property=\"og:image:height\" content=\"1100\" \/>\n\t<meta property=\"og:image:type\" content=\"image\/png\" \/>\n<meta name=\"twitter:card\" content=\"summary_large_image\" \/>\n<meta name=\"twitter:label1\" content=\"Dur\u00e9e de lecture estim\u00e9e\" \/>\n\t<meta name=\"twitter:data1\" content=\"1 minute\" \/>\n<script type=\"application\/ld+json\" class=\"yoast-schema-graph\">{\"@context\":\"https:\\\/\\\/schema.org\",\"@graph\":[{\"@type\":\"WebPage\",\"@id\":\"https:\\\/\\\/beedon.ch\\\/product\\\/eco-roll-beedon\\\/\",\"url\":\"https:\\\/\\\/beedon.ch\\\/product\\\/eco-roll-beedon\\\/\",\"name\":\"ECO-ROLL BEEDON - Beedon\",\"isPartOf\":{\"@id\":\"https:\\\/\\\/beedon.ch\\\/#website\"},\"primaryImageOfPage\":{\"@id\":\"https:\\\/\\\/beedon.ch\\\/product\\\/eco-roll-beedon\\\/#primaryimage\"},\"image\":{\"@id\":\"https:\\\/\\\/beedon.ch\\\/product\\\/eco-roll-beedon\\\/#primaryimage\"},\"thumbnailUrl\":\"https:\\\/\\\/i0.wp.com\\\/beedon.ch\\\/wp-content\\\/uploads\\\/2024\\\/09\\\/FarbrolleneimerGray-quality.png?fit=1100%2C1100&ssl=1\",\"datePublished\":\"2024-09-04T06:46:00+00:00\",\"dateModified\":\"2024-12-02T14:29:54+00:00\",\"breadcrumb\":{\"@id\":\"https:\\\/\\\/beedon.ch\\\/product\\\/eco-roll-beedon\\\/#breadcrumb\"},\"inLanguage\":\"fr-FR\",\"potentialAction\":[{\"@type\":\"ReadAction\",\"target\":[\"https:\\\/\\\/beedon.ch\\\/product\\\/eco-roll-beedon\\\/\"]}]},{\"@type\":\"ImageObject\",\"inLanguage\":\"fr-FR\",\"@id\":\"https:\\\/\\\/beedon.ch\\\/product\\\/eco-roll-beedon\\\/#primaryimage\",\"url\":\"https:\\\/\\\/i0.wp.com\\\/beedon.ch\\\/wp-content\\\/uploads\\\/2024\\\/09\\\/FarbrolleneimerGray-quality.png?fit=1100%2C1100&ssl=1\",\"contentUrl\":\"https:\\\/\\\/i0.wp.com\\\/beedon.ch\\\/wp-content\\\/uploads\\\/2024\\\/09\\\/FarbrolleneimerGray-quality.png?fit=1100%2C1100&ssl=1\",\"width\":1100,\"height\":1100},{\"@type\":\"BreadcrumbList\",\"@id\":\"https:\\\/\\\/beedon.ch\\\/product\\\/eco-roll-beedon\\\/#breadcrumb\",\"itemListElement\":[{\"@type\":\"ListItem\",\"position\":1,\"name\":\"Accueil\",\"item\":\"https:\\\/\\\/beedon.ch\\\/fr_fr\\\/\"},{\"@type\":\"ListItem\",\"position\":2,\"name\":\"Boutique\",\"item\":\"https:\\\/\\\/beedon.ch\\\/boutique\\\/\"},{\"@type\":\"ListItem\",\"position\":3,\"name\":\"ECO-ROLL BEEDON\"}]},{\"@type\":\"WebSite\",\"@id\":\"https:\\\/\\\/beedon.ch\\\/#website\",\"url\":\"https:\\\/\\\/beedon.ch\\\/\",\"name\":\"BEEDON\",\"description\":\"\",\"publisher\":{\"@id\":\"https:\\\/\\\/beedon.ch\\\/#organization\"},\"potentialAction\":[{\"@type\":\"SearchAction\",\"target\":{\"@type\":\"EntryPoint\",\"urlTemplate\":\"https:\\\/\\\/beedon.ch\\\/?s={search_term_string}\"},\"query-input\":{\"@type\":\"PropertyValueSpecification\",\"valueRequired\":true,\"valueName\":\"search_term_string\"}}],\"inLanguage\":\"fr-FR\"},{\"@type\":\"Organization\",\"@id\":\"https:\\\/\\\/beedon.ch\\\/#organization\",\"name\":\"BEEDON\",\"url\":\"https:\\\/\\\/beedon.ch\\\/\",\"logo\":{\"@type\":\"ImageObject\",\"inLanguage\":\"fr-FR\",\"@id\":\"https:\\\/\\\/beedon.ch\\\/#\\\/schema\\\/logo\\\/image\\\/\",\"url\":\"https:\\\/\\\/i0.wp.com\\\/beedon.ch\\\/wp-content\\\/uploads\\\/2024\\\/08\\\/LogoBeedonSansFond.png?fit=1418%2C399&ssl=1\",\"contentUrl\":\"https:\\\/\\\/i0.wp.com\\\/beedon.ch\\\/wp-content\\\/uploads\\\/2024\\\/08\\\/LogoBeedonSansFond.png?fit=1418%2C399&ssl=1\",\"width\":1418,\"height\":399,\"caption\":\"BEEDON\"},\"image\":{\"@id\":\"https:\\\/\\\/beedon.ch\\\/#\\\/schema\\\/logo\\\/image\\\/\"}}]}<\/script>\n<!-- \/ Yoast SEO plugin. -->","yoast_head_json":{"title":"ECO-ROLL BEEDON - Beedon","robots":{"index":"index","follow":"follow","max-snippet":"max-snippet:-1","max-image-preview":"max-image-preview:large","max-video-preview":"max-video-preview:-1"},"canonical":"https:\/\/beedon.ch\/fr_fr\/product\/eco-roll-beedon\/","og_locale":"fr_FR","og_type":"article","og_title":"ECO-ROLL BEEDON - Beedon","og_description":"Notre seau \u00e0 rouleaux de peinture recycl\u00e9 garde vos rouleaux de peinture frais et r\u00e9duit les d\u00e9chets. Moins de co\u00fbts, plus d'efficacit\u00e9 !   Durable  Empilable et pr\u00eat \u00e0 l'emploi  Qualit\u00e9 industrielle et tr\u00e8s robuste  Pas de film plastique pour le stockage","og_url":"https:\/\/beedon.ch\/fr_fr\/product\/eco-roll-beedon\/","og_site_name":"Beedon","article_modified_time":"2024-12-02T14:29:54+00:00","og_image":[{"width":1100,"height":1100,"url":"https:\/\/beedon.ch\/wp-content\/uploads\/2024\/09\/FarbrolleneimerGray-quality.png","type":"image\/png"}],"twitter_card":"summary_large_image","twitter_misc":{"Dur\u00e9e de lecture estim\u00e9e":"1 minute"},"schema":{"@context":"https:\/\/schema.org","@graph":[{"@type":"WebPage","@id":"https:\/\/beedon.ch\/product\/eco-roll-beedon\/","url":"https:\/\/beedon.ch\/product\/eco-roll-beedon\/","name":"ECO-ROLL BEEDON - Beedon","isPartOf":{"@id":"https:\/\/beedon.ch\/#website"},"primaryImageOfPage":{"@id":"https:\/\/beedon.ch\/product\/eco-roll-beedon\/#primaryimage"},"image":{"@id":"https:\/\/beedon.ch\/product\/eco-roll-beedon\/#primaryimage"},"thumbnailUrl":"https:\/\/i0.wp.com\/beedon.ch\/wp-content\/uploads\/2024\/09\/FarbrolleneimerGray-quality.png?fit=1100%2C1100&ssl=1","datePublished":"2024-09-04T06:46:00+00:00","dateModified":"2024-12-02T14:29:54+00:00","breadcrumb":{"@id":"https:\/\/beedon.ch\/product\/eco-roll-beedon\/#breadcrumb"},"inLanguage":"fr-FR","potentialAction":[{"@type":"ReadAction","target":["https:\/\/beedon.ch\/product\/eco-roll-beedon\/"]}]},{"@type":"ImageObject","inLanguage":"fr-FR","@id":"https:\/\/beedon.ch\/product\/eco-roll-beedon\/#primaryimage","url":"https:\/\/i0.wp.com\/beedon.ch\/wp-content\/uploads\/2024\/09\/FarbrolleneimerGray-quality.png?fit=1100%2C1100&ssl=1","contentUrl":"https:\/\/i0.wp.com\/beedon.ch\/wp-content\/uploads\/2024\/09\/FarbrolleneimerGray-quality.png?fit=1100%2C1100&ssl=1","width":1100,"height":1100},{"@type":"BreadcrumbList","@id":"https:\/\/beedon.ch\/product\/eco-roll-beedon\/#breadcrumb","itemListElement":[{"@type":"ListItem","position":1,"name":"Accueil","item":"https:\/\/beedon.ch\/fr_fr\/"},{"@type":"ListItem","position":2,"name":"Boutique","item":"https:\/\/beedon.ch\/boutique\/"},{"@type":"ListItem","position":3,"name":"ECO-ROLL BEEDON"}]},{"@type":"WebSite","@id":"https:\/\/beedon.ch\/#website","url":"https:\/\/beedon.ch\/","name":"BEEDON","description":"","publisher":{"@id":"https:\/\/beedon.ch\/#organization"},"potentialAction":[{"@type":"SearchAction","target":{"@type":"EntryPoint","urlTemplate":"https:\/\/beedon.ch\/?s={search_term_string}"},"query-input":{"@type":"PropertyValueSpecification","valueRequired":true,"valueName":"search_term_string"}}],"inLanguage":"fr-FR"},{"@type":"Organization","@id":"https:\/\/beedon.ch\/#organization","name":"BEEDON","url":"https:\/\/beedon.ch\/","logo":{"@type":"ImageObject","inLanguage":"fr-FR","@id":"https:\/\/beedon.ch\/#\/schema\/logo\/image\/","url":"https:\/\/i0.wp.com\/beedon.ch\/wp-content\/uploads\/2024\/08\/LogoBeedonSansFond.png?fit=1418%2C399&ssl=1","contentUrl":"https:\/\/i0.wp.com\/beedon.ch\/wp-content\/uploads\/2024\/08\/LogoBeedonSansFond.png?fit=1418%2C399&ssl=1","width":1418,"height":399,"caption":"BEEDON"},"image":{"@id":"https:\/\/beedon.ch\/#\/schema\/logo\/image\/"}}]}},"jetpack_sharing_enabled":true,"_links":{"self":[{"href":"https:\/\/beedon.ch\/fr_fr\/wp-json\/wp\/v2\/product\/28975","targetHints":{"allow":["GET"]}}],"collection":[{"href":"https:\/\/beedon.ch\/fr_fr\/wp-json\/wp\/v2\/product"}],"about":[{"href":"https:\/\/beedon.ch\/fr_fr\/wp-json\/wp\/v2\/types\/product"}],"replies":[{"embeddable":true,"href":"https:\/\/beedon.ch\/fr_fr\/wp-json\/wp\/v2\/comments?post=28975"}],"wp:featuredmedia":[{"embeddable":true,"href":"https:\/\/beedon.ch\/fr_fr\/wp-json\/wp\/v2\/media\/29158"}],"wp:attachment":[{"href":"https:\/\/beedon.ch\/fr_fr\/wp-json\/wp\/v2\/media?parent=28975"}],"wp:term":[{"taxonomy":"product_brand","embeddable":true,"href":"https:\/\/beedon.ch\/fr_fr\/wp-json\/wp\/v2\/product_brand?post=28975"},{"taxonomy":"product_cat","embeddable":true,"href":"https:\/\/beedon.ch\/fr_fr\/wp-json\/wp\/v2\/product_cat?post=28975"},{"taxonomy":"product_tag","embeddable":true,"href":"https:\/\/beedon.ch\/fr_fr\/wp-json\/wp\/v2\/product_tag?post=28975"}],"curies":[{"name":"wp","href":"https:\/\/api.w.org\/{rel}","templated":true}]}}